{"id":785,"date":"2023-09-14T19:30:36","date_gmt":"2023-09-14T19:30:36","guid":{"rendered":"https:\/\/ambientalgeolider.com.br\/?post_type=product&#038;p=785"},"modified":"2023-09-14T19:32:27","modified_gmt":"2023-09-14T19:32:27","slug":"extravis-liquid-20","status":"publish","type":"product","link":"https:\/\/ambientalgeolider.com.br\/?product=extravis-liquid-20","title":{"rendered":"Extravis Liquid 20"},"content":{"rendered":"<p><img fetchpriority=\"high\" decoding=\"async\" class=\"alignnone size-medium wp-image-786\" src=\"https:\/\/ambientalgeolider.com.br\/wp-content\/uploads\/2023\/09\/Extravis-liquid-20-300x300.png\" alt=\"\" width=\"300\" height=\"300\" srcset=\"https:\/\/ambientalgeolider.com.br\/wp-content\/uploads\/2023\/09\/Extravis-liquid-20-300x300.png 300w, https:\/\/ambientalgeolider.com.br\/wp-content\/uploads\/2023\/09\/Extravis-liquid-20-150x150.png 150w, https:\/\/ambientalgeolider.com.br\/wp-content\/uploads\/2023\/09\/Extravis-liquid-20-100x100.png 100w, https:\/\/ambientalgeolider.com.br\/wp-content\/uploads\/2023\/09\/Extravis-liquid-20.png 504w\" sizes=\"(max-width: 300px) 100vw, 300px\" \/><\/p>\n","protected":false},"excerpt":{"rendered":"<pre>Viscosificante de alto rendimento em emuls\u00e3o \u00e0 base de pol\u00edmero sint\u00e9tico poliacrilamida de s\u00f3dio para fluido de perfura\u00e7\u00e3o.\r\n\r\nVantagens:<\/pre>\n<ul>\n<li>\n<pre>Produto inofensivo ao meio ambiente.<\/pre>\n<\/li>\n<li>\n<pre>Excelente rela\u00e7\u00e3o custo x benef\u00edcio.<\/pre>\n<\/li>\n<li>\n<pre>Agiliza o tempo de perfura\u00e7\u00e3o em 50% em rela\u00e7\u00e3o a bentonita.<\/pre>\n<\/li>\n<li>\n<pre>N\u00e3o forma reboco e facilita a limpeza e desenvolvimento dos po\u00e7os.<\/pre>\n<\/li>\n<li>\n<pre>N\u00e3o permite a incorpora\u00e7\u00e3o das argilas no fluido e torna f\u00e1cil sua decanta\u00e7\u00e3o.<\/pre>\n<\/li>\n<\/ul>\n","protected":false},"featured_media":786,"comment_status":"closed","ping_status":"closed","template":"","meta":{"_monsterinsights_skip_tracking":false,"_monsterinsights_sitenote_active":false,"_monsterinsights_sitenote_note":"","_monsterinsights_sitenote_category":0},"product_cat":[18],"product_tag":[],"class_list":{"0":"post-785","1":"product","2":"type-product","3":"status-publish","4":"has-post-thumbnail","6":"product_cat-sem-categoria","8":"first","9":"instock","10":"shipping-taxable","11":"product-type-simple"},"_links":{"self":[{"href":"https:\/\/ambientalgeolider.com.br\/index.php?rest_route=\/wp\/v2\/product\/785","targetHints":{"allow":["GET"]}}],"collection":[{"href":"https:\/\/ambientalgeolider.com.br\/index.php?rest_route=\/wp\/v2\/product"}],"about":[{"href":"https:\/\/ambientalgeolider.com.br\/index.php?rest_route=\/wp\/v2\/types\/product"}],"replies":[{"embeddable":true,"href":"https:\/\/ambientalgeolider.com.br\/index.php?rest_route=%2Fwp%2Fv2%2Fcomments&post=785"}],"wp:featuredmedia":[{"embeddable":true,"href":"https:\/\/ambientalgeolider.com.br\/index.php?rest_route=\/wp\/v2\/media\/786"}],"wp:attachment":[{"href":"https:\/\/ambientalgeolider.com.br\/index.php?rest_route=%2Fwp%2Fv2%2Fmedia&parent=785"}],"wp:term":[{"taxonomy":"product_cat","embeddable":true,"href":"https:\/\/ambientalgeolider.com.br\/index.php?rest_route=%2Fwp%2Fv2%2Fproduct_cat&post=785"},{"taxonomy":"product_tag","embeddable":true,"href":"https:\/\/ambientalgeolider.com.br\/index.php?rest_route=%2Fwp%2Fv2%2Fproduct_tag&post=785"}],"curies":[{"name":"wp","href":"https:\/\/api.w.org\/{rel}","templated":true}]}}